{"id":1567,"date":"2023-10-09T10:29:42","date_gmt":"2023-10-09T10:29:42","guid":{"rendered":"https:\/\/arquimunozyaranda.com\/servicios\/"},"modified":"2023-10-11T09:13:56","modified_gmt":"2023-10-11T09:13:56","slug":"serveis","status":"publish","type":"page","link":"https:\/\/arquimunozyaranda.com\/ca\/serveis\/","title":{"rendered":"SERVEIS"},"content":{"rendered":"[vc_row type=&#8221;in_container&#8221; full_screen_row_position=&#8221;middle&#8221; column_margin=&#8221;default&#8221; equal_height=&#8221;yes&#8221; content_placement=&#8221;top&#8221; column_direction=&#8221;default&#8221; column_direction_tablet=&#8221;default&#8221; column_direction_phone=&#8221;default&#8221; scene_position=&#8221;center&#8221; text_color=&#8221;dark&#8221; text_align=&#8221;left&#8221; row_border_radius=&#8221;none&#8221; row_border_radius_applies=&#8221;bg&#8221; overflow=&#8221;visible&#8221; advanced_gradient_angle=&#8221;0&#8243; overlay_strength=&#8221;0.3&#8243; gradient_direction=&#8221;left_to_right&#8221; shape_divider_position=&#8221;bottom&#8221; bg_image_animation=&#8221;none&#8221; gradient_type=&#8221;default&#8221; shape_type=&#8221;&#8221;][vc_column column_padding=&#8221;no-extra-padding&#8221; column_padding_tablet=&#8221;inherit&#8221; column_padding_phone=&#8221;inherit&#8221; column_padding_position=&#8221;all&#8221; column_element_direction_desktop=&#8221;default&#8221; column_element_spacing=&#8221;default&#8221; desktop_text_alignment=&#8221;default&#8221; tablet_text_alignment=&#8221;default&#8221; phone_text_alignment=&#8221;default&#8221; background_color_opacity=&#8221;1&#8243; background_hover_color_opacity=&#8221;1&#8243; column_backdrop_filter=&#8221;none&#8221; column_shadow=&#8221;none&#8221; column_border_radius=&#8221;none&#8221; column_link_target=&#8221;_self&#8221; column_position=&#8221;default&#8221; gradient_direction=&#8221;left_to_right&#8221; overlay_strength=&#8221;0.3&#8243; width=&#8221;1\/2&#8243; tablet_width_inherit=&#8221;default&#8221; animation_type=&#8221;default&#8221; bg_image_animation=&#8221;none&#8221; border_type=&#8221;simple&#8221; column_border_width=&#8221;none&#8221; column_border_style=&#8221;solid&#8221;][vc_column_text]Feim els projectes a la mesura del client, de forma personalitzada, oferint la m\u00e0xima qualitat i assist\u00e8ncia, donant un tracte proper i implicant-nos amb les seves necessitats. A m\u00e9s, col\u00b7laboram amb un ample equip de professionals especialitzats en diferents sectors per oferir el millor servei.<\/p>\n<p>En el nostre Estudi, ens agrada fer part\u00edcip al nostre client de totes les fases del projecte, assessorant-li urban\u00edsticament, funcionalment, gestionant l&#8217;elaboraci\u00f3 del projecte, la coordinaci\u00f3 de l&#8217;obra i la seva entrega final.<\/p>\n<p>Tenim una provada experi\u00e8ncia tant a obra nova com a rehabilitaci\u00f3 d&#8217;edificis, sobretot a la tipologia hospital\u00e0ria i hotelera. Per a nosaltres tot projecte \u00e9s important, i per aix\u00f2 duim a terme des de habitatges unifamiliars fins a projectes de grans envergadures com els hospitals.<\/p>\n<p><strong>Els nostres serveis m\u00e9s comuns s\u00f3n els seg\u00fcents:<\/strong><\/p>\n<ul>\n<li>Redacci\u00f3 de projectes<\/li>\n<li>Direcci\u00f3 d&#8217;obra<\/li>\n<li>Informes pericials<\/li>\n<li>Certificacions energ\u00e8tiques<\/li>\n<li>Assessorament urban\u00edstic<\/li>\n<li>Comunicacions pr\u00e8vies d&#8217;obra<\/li>\n<li>Legalitzacions<\/li>\n<li>Piscines<\/li>\n<li>Tramitaci\u00f3 de llic\u00e8ncies<\/li>\n<li>Control de costos<\/li>\n<li>Project m\u00e0nager<\/li>\n<li>Coordinaci\u00f3 d&#8217;obres<\/li>\n<li>C\u00e0lcul d&#8217;estructures<\/li>\n<li>3Ds<\/li>\n<\/ul>\n<p>Des de Estudio de Arquitectura Mu\u00f1oz y Aranda, ens posam a la seva disposici\u00f3 i estem encantats que compti amb nosaltres per dur a terme tots els seus projectes i idees.[\/vc_column_text][\/vc_column][vc_column column_padding=&#8221;no-extra-padding&#8221; column_padding_tablet=&#8221;inherit&#8221; column_padding_phone=&#8221;inherit&#8221; column_padding_position=&#8221;all&#8221; column_element_direction_desktop=&#8221;default&#8221; column_element_spacing=&#8221;default&#8221; desktop_text_alignment=&#8221;default&#8221; tablet_text_alignment=&#8221;default&#8221; phone_text_alignment=&#8221;default&#8221; background_color_opacity=&#8221;1&#8243; background_hover_color_opacity=&#8221;1&#8243; column_backdrop_filter=&#8221;none&#8221; column_shadow=&#8221;none&#8221; column_border_radius=&#8221;none&#8221; column_link_target=&#8221;_self&#8221; column_position=&#8221;default&#8221; gradient_direction=&#8221;left_to_right&#8221; overlay_strength=&#8221;0.3&#8243; width=&#8221;1\/2&#8243; tablet_width_inherit=&#8221;default&#8221; animation_type=&#8221;default&#8221; bg_image_animation=&#8221;none&#8221; border_type=&#8221;simple&#8221; column_border_width=&#8221;none&#8221; column_border_style=&#8221;solid&#8221;][image_with_animation image_url=&#8221;1321&#8243; image_size=&#8221;full&#8221; animation_type=&#8221;entrance&#8221; animation=&#8221;Fade In&#8221; animation_easing=&#8221;default&#8221; animation_movement_type=&#8221;transform_y&#8221; hover_animation=&#8221;none&#8221; alignment=&#8221;&#8221; border_radius=&#8221;none&#8221; box_shadow=&#8221;none&#8221; image_loading=&#8221;default&#8221; max_width=&#8221;100%&#8221; max_width_mobile=&#8221;default&#8221;][\/vc_column][\/vc_row]\n","protected":false},"excerpt":{"rendered":"<p>[vc_row type=&#8221;in_container&#8221; full_screen_row_position=&#8221;middle&#8221; column_margin=&#8221;default&#8221; equal_height=&#8221;yes&#8221; content_placement=&#8221;top&#8221; column_direction=&#8221;default&#8221; column_direction_tablet=&#8221;default&#8221; column_direction_phone=&#8221;default&#8221; scene_position=&#8221;center&#8221; text_color=&#8221;dark&#8221; text_align=&#8221;left&#8221; row_border_radius=&#8221;none&#8221; row_border_radius_applies=&#8221;bg&#8221; overflow=&#8221;visible&#8221; advanced_gradient_angle=&#8221;0&#8243; overlay_strength=&#8221;0.3&#8243; gradient_direction=&#8221;left_to_right&#8221; shape_divider_position=&#8221;bottom&#8221; bg_image_animation=&#8221;none&#8221; gradient_type=&#8221;default&#8221; shape_type=&#8221;&#8221;][vc_column column_padding=&#8221;no-extra-padding&#8221; column_padding_tablet=&#8221;inherit&#8221; column_padding_phone=&#8221;inherit&#8221; column_padding_position=&#8221;all&#8221; column_element_direction_desktop=&#8221;default&#8221; column_element_spacing=&#8221;default&#8221; desktop_text_alignment=&#8221;default&#8221; tablet_text_alignment=&#8221;default&#8221;&#8230;<\/p>\n","protected":false},"author":1,"featured_media":0,"parent":0,"menu_order":0,"comment_status":"closed","ping_status":"closed","template":"","meta":{"footnotes":""},"class_list":["post-1567","page","type-page","status-publish"],"aioseo_notices":[],"_links":{"self":[{"href":"https:\/\/arquimunozyaranda.com\/ca\/wp-json\/wp\/v2\/pages\/1567","targetHints":{"allow":["GET"]}}],"collection":[{"href":"https:\/\/arquimunozyaranda.com\/ca\/wp-json\/wp\/v2\/pages"}],"about":[{"href":"https:\/\/arquimunozyaranda.com\/ca\/wp-json\/wp\/v2\/types\/page"}],"author":[{"embeddable":true,"href":"https:\/\/arquimunozyaranda.com\/ca\/wp-json\/wp\/v2\/users\/1"}],"replies":[{"embeddable":true,"href":"https:\/\/arquimunozyaranda.com\/ca\/wp-json\/wp\/v2\/comments?post=1567"}],"version-history":[{"count":2,"href":"https:\/\/arquimunozyaranda.com\/ca\/wp-json\/wp\/v2\/pages\/1567\/revisions"}],"predecessor-version":[{"id":1577,"href":"https:\/\/arquimunozyaranda.com\/ca\/wp-json\/wp\/v2\/pages\/1567\/revisions\/1577"}],"wp:attachment":[{"href":"https:\/\/arquimunozyaranda.com\/ca\/wp-json\/wp\/v2\/media?parent=1567"}],"curies":[{"name":"wp","href":"https:\/\/api.w.org\/{rel}","templated":true}]}}